{"id":593,"date":"2024-11-20T16:50:19","date_gmt":"2024-11-20T16:50:19","guid":{"rendered":"https:\/\/www.fannyrethore.fr\/?page_id=593"},"modified":"2025-01-02T17:49:16","modified_gmt":"2025-01-02T17:49:16","slug":"mentions-legales","status":"publish","type":"page","link":"https:\/\/www.fannyrethore.fr\/?page_id=593","title":{"rendered":"Mentions l\u00e9gales"},"content":{"rendered":"\t\t<div data-elementor-type=\"wp-page\" data-elementor-id=\"593\" class=\"elementor elementor-593\">\n\t\t\t\t<div class=\"elementor-element elementor-element-d3d7b9f e-flex e-con-boxed e-con e-parent\" data-id=\"d3d7b9f\" data-element_type=\"container\" data-e-type=\"container\">\n\t\t\t\t\t<div class=\"e-con-inner\">\n\t\t\t\t<div class=\"elementor-element elementor-element-2ec6187 elementor-widget elementor-widget-text-editor\" data-id=\"2ec6187\" data-element_type=\"widget\" data-e-type=\"widget\" data-widget_type=\"text-editor.default\">\n\t\t\t\t<div class=\"elementor-widget-container\">\n\t\t\t\t\t\t\t\t\t<h4>MENTIONS LEGALES<\/h4>\n<p>Ce site web est accessible librement \u00e0 toute personne ayant un acc\u00e8s internet. Il contient la description des prestations r\u00e9alis\u00e9es par Fanny R\u00e9thor\u00e9 telles que la num\u00e9rologie, le coaching et l\u2019harmonisation \u00e9nerg\u00e9tique.&nbsp;<\/p>\n<p>En tant que personne physique ayant acc\u00e8s au pr\u00e9sent site, vous en \u00eates consid\u00e9r\u00e9 comme l\u2019utilisateur, que&nbsp; ce soit \u00e0 titre personnel ou pour le compte d\u2019une personne morale.<\/p>\n<h5>1. Pr\u00e9sentation du site&nbsp;<\/h5>\n<p>En vertu de l&rsquo;article 6 de la loi n\u00b0 2004-575 du 21 juin 2004 pour la confiance dans l&rsquo;\u00e9conomie num\u00e9rique, il&nbsp; est pr\u00e9cis\u00e9 aux utilisateurs du site <a href=\"http:\/\/www.fannyrethore.fr\/\">www.fannyrethore.fr<\/a> l&rsquo;identit\u00e9 des diff\u00e9rents intervenants dans le cadre de sa&nbsp; r\u00e9alisation et de son suivi :&nbsp;<\/p>\n<p><span style=\"text-decoration: underline;\">Propri\u00e9taire du site<\/span> :&nbsp;<\/p>\n<p>URL du site : <a href=\"https:\/\/www.fannyrethore.fr\/\" target=\"_blank\" rel=\"noopener\">https:\/\/www.fannyrethore.fr<\/a><\/p>\n<p>Nom : Fanny R\u00e9thor\u00e9<\/p>\n<p>Adresse : 17 rue d&rsquo;Anjou 49450 SEVREMOINE<\/p>\n<p>SIRET de l\u2019entreprise :&nbsp; 891827255 00011<\/p>\n<p>Email : sepanouirbyfanny@gmail.com<\/p>\n<p><span style=\"text-decoration: underline;\">Responsable des publications du site<\/span> :&nbsp;<\/p>\n<p>Nom : Fanny R\u00e9thor\u00e9<\/p>\n<p>Email : sepanouirbyfanny@gmail.com<\/p>\n<p><span style=\"text-decoration: underline;\">H\u00e9bergeur<\/span> :&nbsp;<\/p>\n<p>Nom : Monarobase<\/p>\n<p>Adresse : 3 Avenue Ren\u00e9 La\u00ebnnec, 72000 Le Mans, France.<\/p>\n<p>T\u00e9l\u00e9phone : 0&nbsp;805&nbsp;690&nbsp;008<\/p>\n<h5>2. Conditions d&rsquo;utilisation&nbsp;<\/h5>\n<p>L&rsquo;utilisation du site implique l&rsquo;acceptation pleine et enti\u00e8re des conditions g\u00e9n\u00e9rales d&rsquo;utilisation d\u00e9crites ci apr\u00e8s. Ces conditions peuvent \u00eatre modifi\u00e9es \u00e0 tout moment et sans pr\u00e9avis.&nbsp;<\/p>\n<h5>3. Propri\u00e9t\u00e9 intellectuelle&nbsp;<\/h5>\n<p>Le contenu du site est prot\u00e9g\u00e9 par la l\u00e9gislation en vigueur sur la propri\u00e9t\u00e9 intellectuelle. Le contenu du site&nbsp; appartient \u00e0 la propri\u00e9t\u00e9 pleine et enti\u00e8re du propri\u00e9taire du site identifi\u00e9 ci-dessus.&nbsp;&nbsp;<\/p>\n<p>Toute reproduction, repr\u00e9sentation, utilisation, adaptation, totale ou partielle, de quelque contenu que ce&nbsp; soit, sans autorisation pr\u00e9alable \u00e9crite est strictement interdite.&nbsp;<\/p>\n<h5>4. Donn\u00e9es personnelles&nbsp;<\/h5>\n<p>Une donn\u00e9e personnelle, au sens du R\u00e8glement G\u00e9n\u00e9ral sur la Protection des Donn\u00e9es (RGPD) du 27 avril&nbsp; 2016 (UE 2016\/679 ), est toute information se rapportant \u00e0 une personne physique identifi\u00e9e ou identifiable,&nbsp; directement ou indirectement.&nbsp;&nbsp;<\/p>\n<p>Les informations recueillies sur le site sont enregistr\u00e9es dans un fichier informatis\u00e9 par Fanny R\u00e9thor\u00e9. Elles sont n\u00e9cessaires pour la gestion des rendez-vous, la pr\u00e9paration des s\u00e9ances et produit num\u00e9rique, l\u2019envoi de newsletters, la facturation.<\/p>\n<p>Conform\u00e9ment \u00e0 la loi dite \u00ab\u00a0Informatique et Libert\u00e9s\u00a0\u00bb n\u00b0 78-17 du 6 janvier 1978, l\u2019utilisateur peut exercer ses droit d&rsquo;acc\u00e8s, de retrait, d\u2019effacement et de rectification des donn\u00e9es le concernant. Il pourra faire valoir se&nbsp; droit par \u00e9crit, en s\u2019adressant \u00e0 sepanouirbyfanny@gmail.com<\/p>\n<h5>5. Cookies&nbsp;<\/h5>\n<p>Un cookie, au sens de la r\u00e9glementation RGPD pr\u00e9cit\u00e9e, est un petit fichier de donn\u00e9es envoy\u00e9 par un site&nbsp; web et stock\u00e9 sur le terminal de l&rsquo;utilisateur (ordinateur, smartphone, tablette) lors de sa navigation. Les&nbsp; cookies peuvent contenir diverses informations.&nbsp;&nbsp;<\/p>\n<p>L&rsquo;utilisation de cookies n\u00e9cessite le consentement \u00e9clair\u00e9 de l&rsquo;utilisateur, sauf pour les cookies strictement&nbsp; n\u00e9cessaires au fonctionnement du site.&nbsp;&nbsp;<\/p>\n<p>Le pr\u00e9sent site utilise des cookies pour am\u00e9liorer l&rsquo;exp\u00e9rience utilisateur. Vous pouvez choisir de d\u00e9sactiver&nbsp; les cookies non n\u00e9cessaire en modifiant les param\u00e8tres de votre navigateur.&nbsp;<\/p>\n<h5>6. Liens hypertextes&nbsp;<\/h5>\n<p>Le site peut contenir des liens hypertextes, notamment vers d&rsquo;autres sites. Le propri\u00e9taire ne peut \u00eatre tenu&nbsp; pour responsable du contenu de ces sites, et l\u2019acc\u00e8s \u00e0 ces sites se fait sous la responsabilit\u00e9 exclusive de&nbsp; l\u2019utilisateur.&nbsp;&nbsp;<\/p>\n<h5>7. Droit applicable et litige&nbsp;<\/h5>\n<p>Les pr\u00e9sentes mentions l\u00e9gales sont r\u00e9gis par le droit fran\u00e7ais en vigueur. tout litige en relation avec&nbsp; l&rsquo;utilisation du site est soumis au droit fran\u00e7ais et devra \u00eatre examin\u00e9 exclusivement \u00e0 la lumi\u00e8re de la&nbsp; r\u00e9glementation fran\u00e7aise applicable.&nbsp;&nbsp;<\/p>\n<p>Date de mise \u00e0 jour des mentions l\u00e9gales, le 20\/11\/2024.<\/p>\t\t\t\t\t\t\t\t<\/div>\n\t\t\t\t<\/div>\n\t\t\t\t\t<\/div>\n\t\t\t\t<\/div>\n\t\t\t\t<\/div>\n\t\t","protected":false},"excerpt":{"rendered":"<p>MENTIONS LEGALES Ce site web est accessible librement \u00e0 toute personne ayant un acc\u00e8s internet. Il contient la description des [&hellip;]<\/p>\n","protected":false},"author":1,"featured_media":0,"parent":0,"menu_order":0,"comment_status":"closed","ping_status":"closed","template":"","meta":{"site-sidebar-layout":"no-sidebar","site-content-layout":"","ast-site-content-layout":"full-width-container","site-content-style":"default","site-sidebar-style":"default","ast-global-header-display":"","ast-banner-title-visibility":"","ast-main-header-display":"","ast-hfb-above-header-display":"","ast-hfb-below-header-display":"","ast-hfb-mobile-header-display":"","site-post-title":"disabled","ast-breadcrumbs-content":"","ast-featured-img":"disabled","footer-sml-layout":"","ast-disable-related-posts":"","theme-transparent-header-meta":"","adv-header-id-meta":"","stick-header-meta":"","header-above-stick-meta":"","header-main-stick-meta":"","header-below-stick-meta":"","astra-migrate-meta-layouts":"default","ast-page-background-enabled":"default","ast-page-background-meta":{"desktop":{"background-color":"var(--ast-global-color-4)","background-image":"","background-repeat":"repeat","background-position":"center center","background-size":"auto","background-attachment":"scroll","background-type":"","background-media":"","overlay-type":"","overlay-color":"","overlay-opacity":"","overlay-gradient":""},"tablet":{"background-color":"","background-image":"","background-repeat":"repeat","background-position":"center center","background-size":"auto","background-attachment":"scroll","background-type":"","background-media":"","overlay-type":"","overlay-color":"","overlay-opacity":"","overlay-gradient":""},"mobile":{"background-color":"","background-image":"","background-repeat":"repeat","background-position":"center center","background-size":"auto","background-attachment":"scroll","background-type":"","background-media":"","overlay-type":"","overlay-color":"","overlay-opacity":"","overlay-gradient":""}},"ast-content-background-meta":{"desktop":{"background-color":"var(--ast-global-color-5)","background-image":"","background-repeat":"repeat","background-position":"center center","background-size":"auto","background-attachment":"scroll","background-type":"","background-media":"","overlay-type":"","overlay-color":"","overlay-opacity":"","overlay-gradient":""},"tablet":{"background-color":"var(--ast-global-color-5)","background-image":"","background-repeat":"repeat","background-position":"center center","background-size":"auto","background-attachment":"scroll","background-type":"","background-media":"","overlay-type":"","overlay-color":"","overlay-opacity":"","overlay-gradient":""},"mobile":{"background-color":"var(--ast-global-color-5)","background-image":"","background-repeat":"repeat","background-position":"center center","background-size":"auto","background-attachment":"scroll","background-type":"","background-media":"","overlay-type":"","overlay-color":"","overlay-opacity":"","overlay-gradient":""}},"footnotes":""},"class_list":["post-593","page","type-page","status-publish","hentry"],"yoast_head":"<!-- This site is optimized with the Yoast SEO plugin v27.4 - https:\/\/yoast.com\/product\/yoast-seo-wordpress\/ -->\n<title>Mentions l\u00e9gales - FANNY RETHORE<\/title>\n<meta name=\"robots\" content=\"index, follow, max-snippet:-1, max-image-preview:large, max-video-preview:-1\" \/>\n<link rel=\"canonical\" href=\"https:\/\/www.fannyrethore.fr\/?page_id=593\" \/>\n<meta property=\"og:locale\" content=\"fr_FR\" \/>\n<meta property=\"og:type\" content=\"article\" \/>\n<meta property=\"og:title\" content=\"Mentions l\u00e9gales - FANNY RETHORE\" \/>\n<meta property=\"og:description\" content=\"MENTIONS LEGALES Ce site web est accessible librement \u00e0 toute personne ayant un acc\u00e8s internet. Il contient la description des [&hellip;]\" \/>\n<meta property=\"og:url\" content=\"https:\/\/www.fannyrethore.fr\/?page_id=593\" \/>\n<meta property=\"og:site_name\" content=\"FANNY RETHORE\" \/>\n<meta property=\"article:modified_time\" content=\"2025-01-02T17:49:16+00:00\" \/>\n<meta name=\"twitter:card\" content=\"summary_large_image\" \/>\n<meta name=\"twitter:label1\" content=\"Dur\u00e9e de lecture estim\u00e9e\" \/>\n\t<meta name=\"twitter:data1\" content=\"3 minutes\" \/>\n<script type=\"application\/ld+json\" class=\"yoast-schema-graph\">{\"@context\":\"https:\\\/\\\/schema.org\",\"@graph\":[{\"@type\":\"WebPage\",\"@id\":\"https:\\\/\\\/www.fannyrethore.fr\\\/?page_id=593\",\"url\":\"https:\\\/\\\/www.fannyrethore.fr\\\/?page_id=593\",\"name\":\"Mentions l\u00e9gales - FANNY RETHORE\",\"isPartOf\":{\"@id\":\"https:\\\/\\\/www.fannyrethore.fr\\\/#website\"},\"datePublished\":\"2024-11-20T16:50:19+00:00\",\"dateModified\":\"2025-01-02T17:49:16+00:00\",\"breadcrumb\":{\"@id\":\"https:\\\/\\\/www.fannyrethore.fr\\\/?page_id=593#breadcrumb\"},\"inLanguage\":\"fr-FR\",\"potentialAction\":[{\"@type\":\"ReadAction\",\"target\":[\"https:\\\/\\\/www.fannyrethore.fr\\\/?page_id=593\"]}]},{\"@type\":\"BreadcrumbList\",\"@id\":\"https:\\\/\\\/www.fannyrethore.fr\\\/?page_id=593#breadcrumb\",\"itemListElement\":[{\"@type\":\"ListItem\",\"position\":1,\"name\":\"Accueil\",\"item\":\"https:\\\/\\\/www.fannyrethore.fr\\\/\"},{\"@type\":\"ListItem\",\"position\":2,\"name\":\"Mentions l\u00e9gales\"}]},{\"@type\":\"WebSite\",\"@id\":\"https:\\\/\\\/www.fannyrethore.fr\\\/#website\",\"url\":\"https:\\\/\\\/www.fannyrethore.fr\\\/\",\"name\":\"FANNY RETHORE\",\"description\":\"NUMEROLOGIE - ENERGETIQUE - COACHING\",\"potentialAction\":[{\"@type\":\"SearchAction\",\"target\":{\"@type\":\"EntryPoint\",\"urlTemplate\":\"https:\\\/\\\/www.fannyrethore.fr\\\/?s={search_term_string}\"},\"query-input\":{\"@type\":\"PropertyValueSpecification\",\"valueRequired\":true,\"valueName\":\"search_term_string\"}}],\"inLanguage\":\"fr-FR\"}]}<\/script>\n<!-- \/ Yoast SEO plugin. -->","yoast_head_json":{"title":"Mentions l\u00e9gales - FANNY RETHORE","robots":{"index":"index","follow":"follow","max-snippet":"max-snippet:-1","max-image-preview":"max-image-preview:large","max-video-preview":"max-video-preview:-1"},"canonical":"https:\/\/www.fannyrethore.fr\/?page_id=593","og_locale":"fr_FR","og_type":"article","og_title":"Mentions l\u00e9gales - FANNY RETHORE","og_description":"MENTIONS LEGALES Ce site web est accessible librement \u00e0 toute personne ayant un acc\u00e8s internet. Il contient la description des [&hellip;]","og_url":"https:\/\/www.fannyrethore.fr\/?page_id=593","og_site_name":"FANNY RETHORE","article_modified_time":"2025-01-02T17:49:16+00:00","twitter_card":"summary_large_image","twitter_misc":{"Dur\u00e9e de lecture estim\u00e9e":"3 minutes"},"schema":{"@context":"https:\/\/schema.org","@graph":[{"@type":"WebPage","@id":"https:\/\/www.fannyrethore.fr\/?page_id=593","url":"https:\/\/www.fannyrethore.fr\/?page_id=593","name":"Mentions l\u00e9gales - FANNY RETHORE","isPartOf":{"@id":"https:\/\/www.fannyrethore.fr\/#website"},"datePublished":"2024-11-20T16:50:19+00:00","dateModified":"2025-01-02T17:49:16+00:00","breadcrumb":{"@id":"https:\/\/www.fannyrethore.fr\/?page_id=593#breadcrumb"},"inLanguage":"fr-FR","potentialAction":[{"@type":"ReadAction","target":["https:\/\/www.fannyrethore.fr\/?page_id=593"]}]},{"@type":"BreadcrumbList","@id":"https:\/\/www.fannyrethore.fr\/?page_id=593#breadcrumb","itemListElement":[{"@type":"ListItem","position":1,"name":"Accueil","item":"https:\/\/www.fannyrethore.fr\/"},{"@type":"ListItem","position":2,"name":"Mentions l\u00e9gales"}]},{"@type":"WebSite","@id":"https:\/\/www.fannyrethore.fr\/#website","url":"https:\/\/www.fannyrethore.fr\/","name":"FANNY RETHORE","description":"NUMEROLOGIE - ENERGETIQUE - COACHING","potentialAction":[{"@type":"SearchAction","target":{"@type":"EntryPoint","urlTemplate":"https:\/\/www.fannyrethore.fr\/?s={search_term_string}"},"query-input":{"@type":"PropertyValueSpecification","valueRequired":true,"valueName":"search_term_string"}}],"inLanguage":"fr-FR"}]}},"_links":{"self":[{"href":"https:\/\/www.fannyrethore.fr\/index.php?rest_route=\/wp\/v2\/pages\/593","targetHints":{"allow":["GET"]}}],"collection":[{"href":"https:\/\/www.fannyrethore.fr\/index.php?rest_route=\/wp\/v2\/pages"}],"about":[{"href":"https:\/\/www.fannyrethore.fr\/index.php?rest_route=\/wp\/v2\/types\/page"}],"author":[{"embeddable":true,"href":"https:\/\/www.fannyrethore.fr\/index.php?rest_route=\/wp\/v2\/users\/1"}],"replies":[{"embeddable":true,"href":"https:\/\/www.fannyrethore.fr\/index.php?rest_route=%2Fwp%2Fv2%2Fcomments&post=593"}],"version-history":[{"count":11,"href":"https:\/\/www.fannyrethore.fr\/index.php?rest_route=\/wp\/v2\/pages\/593\/revisions"}],"predecessor-version":[{"id":726,"href":"https:\/\/www.fannyrethore.fr\/index.php?rest_route=\/wp\/v2\/pages\/593\/revisions\/726"}],"wp:attachment":[{"href":"https:\/\/www.fannyrethore.fr\/index.php?rest_route=%2Fwp%2Fv2%2Fmedia&parent=593"}],"curies":[{"name":"wp","href":"https:\/\/api.w.org\/{rel}","templated":true}]}}