{"id":53,"date":"2024-11-06T21:11:29","date_gmt":"2024-11-06T21:11:29","guid":{"rendered":"https:\/\/www.fannyrethore.fr\/?page_id=53"},"modified":"2026-03-24T14:45:06","modified_gmt":"2026-03-24T14:45:06","slug":"harmonisation-energetique-soin","status":"publish","type":"page","link":"https:\/\/www.fannyrethore.fr\/?page_id=53","title":{"rendered":"HARMONISATION ENERGETIQUE SOIN"},"content":{"rendered":"\t\t<div data-elementor-type=\"wp-post\" data-elementor-id=\"53\" class=\"elementor elementor-53\">\n\t\t\t\t<div class=\"elementor-element elementor-element-b242f12 e-con-full e-flex e-con e-parent\" data-id=\"b242f12\" data-element_type=\"container\" data-e-type=\"container\" data-settings=\"{&quot;background_background&quot;:&quot;classic&quot;}\">\n\t\t<div class=\"elementor-element elementor-element-272e00b e-con-full e-flex e-con e-child\" data-id=\"272e00b\" data-element_type=\"container\" data-e-type=\"container\">\n\t\t\t\t<div class=\"elementor-element elementor-element-a545210 elementor-widget elementor-widget-image\" data-id=\"a545210\" data-element_type=\"widget\" data-e-type=\"widget\" data-widget_type=\"image.default\">\n\t\t\t\t<div class=\"elementor-widget-container\">\n\t\t\t\t\t\t\t\t\t\t\t\t\t\t\t<img fetchpriority=\"high\" decoding=\"async\" width=\"1024\" height=\"1024\" src=\"https:\/\/www.fannyrethore.fr\/wp-content\/uploads\/2024\/10\/photo-site-internet-11-1024x1024.png\" class=\"attachment-large size-large wp-image-218\" alt=\"\" srcset=\"https:\/\/www.fannyrethore.fr\/wp-content\/uploads\/2024\/10\/photo-site-internet-11-1024x1024.png 1024w, https:\/\/www.fannyrethore.fr\/wp-content\/uploads\/2024\/10\/photo-site-internet-11-300x300.png 300w, https:\/\/www.fannyrethore.fr\/wp-content\/uploads\/2024\/10\/photo-site-internet-11-150x150.png 150w, https:\/\/www.fannyrethore.fr\/wp-content\/uploads\/2024\/10\/photo-site-internet-11-768x768.png 768w, https:\/\/www.fannyrethore.fr\/wp-content\/uploads\/2024\/10\/photo-site-internet-11.png 1080w\" sizes=\"(max-width: 1024px) 100vw, 1024px\" \/>\t\t\t\t\t\t\t\t\t\t\t\t\t\t\t<\/div>\n\t\t\t\t<\/div>\n\t\t\t\t<\/div>\n\t\t<div class=\"elementor-element elementor-element-2539ca1 e-con-full e-flex e-con e-child\" data-id=\"2539ca1\" data-element_type=\"container\" data-e-type=\"container\">\n\t\t\t\t<div class=\"elementor-element elementor-element-526404b elementor-widget__width-initial elementor-widget elementor-widget-heading\" data-id=\"526404b\" data-element_type=\"widget\" data-e-type=\"widget\" data-widget_type=\"heading.default\">\n\t\t\t\t<div class=\"elementor-widget-container\">\n\t\t\t\t\t<h1 class=\"elementor-heading-title elementor-size-default\">Harmonisation \u00e9nerg\u00e9tique<\/h1>\t\t\t\t<\/div>\n\t\t\t\t<\/div>\n\t\t\t\t<div class=\"elementor-element elementor-element-630eb34 elementor-widget elementor-widget-heading\" data-id=\"630eb34\" data-element_type=\"widget\" data-e-type=\"widget\" data-widget_type=\"heading.default\">\n\t\t\t\t<div class=\"elementor-widget-container\">\n\t\t\t\t\t<h2 class=\"elementor-heading-title elementor-size-default\">Revitaliser le corps et l'esprit<\/h2>\t\t\t\t<\/div>\n\t\t\t\t<\/div>\n\t\t\t\t<\/div>\n\t\t\t\t<\/div>\n\t\t<div class=\"elementor-element elementor-element-9e7da32 e-flex e-con-boxed e-con e-parent\" data-id=\"9e7da32\" data-element_type=\"container\" data-e-type=\"container\">\n\t\t\t\t\t<div class=\"e-con-inner\">\n\t\t<div class=\"elementor-element elementor-element-5c2fe54 e-con-full e-flex e-con e-child\" data-id=\"5c2fe54\" data-element_type=\"container\" data-e-type=\"container\">\n\t\t\t\t<div class=\"elementor-element elementor-element-960bf21 elementor-widget elementor-widget-heading\" data-id=\"960bf21\" data-element_type=\"widget\" data-e-type=\"widget\" data-widget_type=\"heading.default\">\n\t\t\t\t<div class=\"elementor-widget-container\">\n\t\t\t\t\t<h2 class=\"elementor-heading-title elementor-size-default\">Qu'est ce qu'une harmonisation \u00e9nerg\u00e9tique ?<\/h2>\t\t\t\t<\/div>\n\t\t\t\t<\/div>\n\t\t\t\t<div class=\"elementor-element elementor-element-d4abdc3 elementor-widget elementor-widget-text-editor\" data-id=\"d4abdc3\" data-element_type=\"widget\" data-e-type=\"widget\" data-widget_type=\"text-editor.default\">\n\t\t\t\t<div class=\"elementor-widget-container\">\n\t\t\t\t\t\t\t\t\t<p>C&rsquo;est un moment de d\u00e9tente et de bien-\u00eatre o\u00f9 le praticien agit comme un canal pour transmettre, par apposition des mains, l&rsquo;Energie Universelle de Vie, en diff\u00e9rents endroits du corps et ainsi revitaliser le corps et l&rsquo;esprit.&nbsp;<\/p>\n<p>Elle aide \u00e0 ce que l&rsquo;Etre retrouve sa lumi\u00e8re et son \u00e9quilibre.<\/p>\n<p>Le soin s&rsquo;adapte aux besoins du receveur.<\/p>\t\t\t\t\t\t\t\t<\/div>\n\t\t\t\t<\/div>\n\t\t\t\t<div class=\"elementor-element elementor-element-eef31cb elementor-widget elementor-widget-heading\" data-id=\"eef31cb\" data-element_type=\"widget\" data-e-type=\"widget\" data-widget_type=\"heading.default\">\n\t\t\t\t<div class=\"elementor-widget-container\">\n\t\t\t\t\t<h2 class=\"elementor-heading-title elementor-size-default\">D\u00e9roulement de la s\u00e9ance<\/h2>\t\t\t\t<\/div>\n\t\t\t\t<\/div>\n\t\t\t\t<div class=\"elementor-element elementor-element-23c00b2 elementor-widget elementor-widget-text-editor\" data-id=\"23c00b2\" data-element_type=\"widget\" data-e-type=\"widget\" data-widget_type=\"text-editor.default\">\n\t\t\t\t<div class=\"elementor-widget-container\">\n\t\t\t\t\t\t\t\t\t<p>Le soin est r\u00e9alis\u00e9 en pr\u00e9sentiel. La s\u00e9ance dure entre 1h et 1h15. Elle d\u00e9bute par un temps d&rsquo;\u00e9change, ensuite vous recevez le soin confortablement allong\u00e9, habill\u00e9, d&rsquo;une dur\u00e9e variable de 30 \u00e0 40 mn.<\/p>\n<p>Un \u00e9change cl\u00f4ture la s\u00e9ance pour exprimer nos ressentis respectifs.<\/p>\t\t\t\t\t\t\t\t<\/div>\n\t\t\t\t<\/div>\n\t\t\t\t<\/div>\n\t\t\t\t<div class=\"elementor-element elementor-element-b3e17c9 elementor-align-center elementor-widget elementor-widget-button\" data-id=\"b3e17c9\" data-element_type=\"widget\" data-e-type=\"widget\" data-widget_type=\"button.default\">\n\t\t\t\t<div class=\"elementor-widget-container\">\n\t\t\t\t\t\t\t\t\t<div class=\"elementor-button-wrapper\">\n\t\t\t\t\t<a class=\"elementor-button elementor-button-link elementor-size-sm\" href=\"https:\/\/www.fannyrethore.fr\/?page_id=2\" target=\"_blank\">\n\t\t\t\t\t\t<span class=\"elementor-button-content-wrapper\">\n\t\t\t\t\t\t\t\t\t<span class=\"elementor-button-text\">Prendre RDV<\/span>\n\t\t\t\t\t<\/span>\n\t\t\t\t\t<\/a>\n\t\t\t\t<\/div>\n\t\t\t\t\t\t\t\t<\/div>\n\t\t\t\t<\/div>\n\t\t\t\t<div class=\"elementor-element elementor-element-c6ec15b elementor-widget elementor-widget-heading\" data-id=\"c6ec15b\" data-element_type=\"widget\" data-e-type=\"widget\" data-widget_type=\"heading.default\">\n\t\t\t\t<div class=\"elementor-widget-container\">\n\t\t\t\t\t<h3 class=\"elementor-heading-title elementor-size-default\">Exemples de bienfaits de l'harmonisation :<\/h3>\t\t\t\t<\/div>\n\t\t\t\t<\/div>\n\t\t<div class=\"elementor-element elementor-element-7533a8e e-con-full e-flex e-con e-child\" data-id=\"7533a8e\" data-element_type=\"container\" data-e-type=\"container\">\n\t\t\t\t<div class=\"elementor-element elementor-element-9839a92 elementor-widget elementor-widget-text-editor\" data-id=\"9839a92\" data-element_type=\"widget\" data-e-type=\"widget\" data-widget_type=\"text-editor.default\">\n\t\t\t\t<div class=\"elementor-widget-container\">\n\t\t\t\t\t\t\t\t\t<ul><li>vitalise le corps et l&rsquo;esprit,<\/li><li>augmente l&rsquo;\u00e9nergie et la force int\u00e9rieure,<\/li><li>lib\u00e8re et r\u00e9\u00e9quilibre les \u00e9motions,<\/li><li>favorise l&rsquo;harmonie, la joie, et le bien-\u00eatre de l&rsquo;\u00e2me,<\/li><li>reconnexion \u00e0 soi,<\/li><li>harmonise les chakras,<\/li><li>\u00e9l\u00e8ve la vibration,\u00a0<\/li><li>favorise la dissolution des blocages et la d\u00e9tente,<\/li><li>r\u00e9gularise le syst\u00e8me \u00e9nerg\u00e9tique,<\/li><li>renforce et r\u00e9active le processus naturel d&rsquo;auto-gu\u00e9rison,<\/li><li>favorise l\u2019\u00e9mergence des potentiels naturels<\/li><\/ul><div><strong><span class=\"OYPEnA font-feature-liga-off font-feature-clig-off font-feature-calt-off text-decoration-none text-strikethrough-none\">Ne remplace en aucun cas un traitement m\u00e9dical ou l&rsquo;avis d&rsquo;un m\u00e9decin.<\/span><\/strong><\/div>\t\t\t\t\t\t\t\t<\/div>\n\t\t\t\t<\/div>\n\t\t\t\t<div class=\"elementor-element elementor-element-d483375 elementor-widget elementor-widget-image\" data-id=\"d483375\" data-element_type=\"widget\" data-e-type=\"widget\" data-widget_type=\"image.default\">\n\t\t\t\t<div class=\"elementor-widget-container\">\n\t\t\t\t\t\t\t\t\t\t\t\t\t\t\t<img decoding=\"async\" width=\"473\" height=\"1024\" src=\"https:\/\/www.fannyrethore.fr\/wp-content\/uploads\/2024\/12\/20241211_141352-473x1024.jpg\" class=\"attachment-large size-large wp-image-713\" alt=\"\" srcset=\"https:\/\/www.fannyrethore.fr\/wp-content\/uploads\/2024\/12\/20241211_141352-473x1024.jpg 473w, https:\/\/www.fannyrethore.fr\/wp-content\/uploads\/2024\/12\/20241211_141352-139x300.jpg 139w, https:\/\/www.fannyrethore.fr\/wp-content\/uploads\/2024\/12\/20241211_141352-768x1663.jpg 768w, https:\/\/www.fannyrethore.fr\/wp-content\/uploads\/2024\/12\/20241211_141352-709x1536.jpg 709w, https:\/\/www.fannyrethore.fr\/wp-content\/uploads\/2024\/12\/20241211_141352-946x2048.jpg 946w, https:\/\/www.fannyrethore.fr\/wp-content\/uploads\/2024\/12\/20241211_141352-scaled.jpg 1182w\" sizes=\"(max-width: 473px) 100vw, 473px\" \/>\t\t\t\t\t\t\t\t\t\t\t\t\t\t\t<\/div>\n\t\t\t\t<\/div>\n\t\t\t\t<\/div>\n\t\t\t\t\t<\/div>\n\t\t\t\t<\/div>\n\t\t\t\t<\/div>\n\t\t","protected":false},"excerpt":{"rendered":"<p>Harmonisation \u00e9nerg\u00e9tique Revitaliser le corps et l&rsquo;esprit Qu&rsquo;est ce qu&rsquo;une harmonisation \u00e9nerg\u00e9tique ? C&rsquo;est un moment de d\u00e9tente et de [&hellip;]<\/p>\n","protected":false},"author":1,"featured_media":0,"parent":0,"menu_order":0,"comment_status":"closed","ping_status":"closed","template":"","meta":{"site-sidebar-layout":"no-sidebar","site-content-layout":"","ast-site-content-layout":"full-width-container","site-content-style":"default","site-sidebar-style":"default","ast-global-header-display":"","ast-banner-title-visibility":"","ast-main-header-display":"","ast-hfb-above-header-display":"","ast-hfb-below-header-display":"","ast-hfb-mobile-header-display":"","site-post-title":"disabled","ast-breadcrumbs-content":"","ast-featured-img":"disabled","footer-sml-layout":"","ast-disable-related-posts":"","theme-transparent-header-meta":"","adv-header-id-meta":"","stick-header-meta":"","header-above-stick-meta":"","header-main-stick-meta":"","header-below-stick-meta":"","astra-migrate-meta-layouts":"default","ast-page-background-enabled":"default","ast-page-background-meta":{"desktop":{"background-color":"var(--ast-global-color-4)","background-image":"","background-repeat":"repeat","background-position":"center center","background-size":"auto","background-attachment":"scroll","background-type":"","background-media":"","overlay-type":"","overlay-color":"","overlay-opacity":"","overlay-gradient":""},"tablet":{"background-color":"","background-image":"","background-repeat":"repeat","background-position":"center center","background-size":"auto","background-attachment":"scroll","background-type":"","background-media":"","overlay-type":"","overlay-color":"","overlay-opacity":"","overlay-gradient":""},"mobile":{"background-color":"","background-image":"","background-repeat":"repeat","background-position":"center center","background-size":"auto","background-attachment":"scroll","background-type":"","background-media":"","overlay-type":"","overlay-color":"","overlay-opacity":"","overlay-gradient":""}},"ast-content-background-meta":{"desktop":{"background-color":"var(--ast-global-color-5)","background-image":"","background-repeat":"repeat","background-position":"center center","background-size":"auto","background-attachment":"scroll","background-type":"","background-media":"","overlay-type":"","overlay-color":"","overlay-opacity":"","overlay-gradient":""},"tablet":{"background-color":"var(--ast-global-color-5)","background-image":"","background-repeat":"repeat","background-position":"center center","background-size":"auto","background-attachment":"scroll","background-type":"","background-media":"","overlay-type":"","overlay-color":"","overlay-opacity":"","overlay-gradient":""},"mobile":{"background-color":"var(--ast-global-color-5)","background-image":"","background-repeat":"repeat","background-position":"center center","background-size":"auto","background-attachment":"scroll","background-type":"","background-media":"","overlay-type":"","overlay-color":"","overlay-opacity":"","overlay-gradient":""}},"footnotes":""},"class_list":["post-53","page","type-page","status-publish","hentry"],"yoast_head":"<!-- This site is optimized with the Yoast SEO plugin v27.4 - https:\/\/yoast.com\/product\/yoast-seo-wordpress\/ -->\n<title>HARMONISATION ENERGETIQUE SOIN - FANNY RETHORE<\/title>\n<meta name=\"robots\" content=\"index, follow, max-snippet:-1, max-image-preview:large, max-video-preview:-1\" \/>\n<link rel=\"canonical\" href=\"https:\/\/www.fannyrethore.fr\/?page_id=53\" \/>\n<meta property=\"og:locale\" content=\"fr_FR\" \/>\n<meta property=\"og:type\" content=\"article\" \/>\n<meta property=\"og:title\" content=\"HARMONISATION ENERGETIQUE SOIN - FANNY RETHORE\" \/>\n<meta property=\"og:description\" content=\"Harmonisation \u00e9nerg\u00e9tique Revitaliser le corps et l&rsquo;esprit Qu&rsquo;est ce qu&rsquo;une harmonisation \u00e9nerg\u00e9tique ? C&rsquo;est un moment de d\u00e9tente et de [&hellip;]\" \/>\n<meta property=\"og:url\" content=\"https:\/\/www.fannyrethore.fr\/?page_id=53\" \/>\n<meta property=\"og:site_name\" content=\"FANNY RETHORE\" \/>\n<meta property=\"article:modified_time\" content=\"2026-03-24T14:45:06+00:00\" \/>\n<meta property=\"og:image\" content=\"https:\/\/www.fannyrethore.fr\/wp-content\/uploads\/2024\/10\/photo-site-internet-11.png\" \/>\n\t<meta property=\"og:image:width\" content=\"1080\" \/>\n\t<meta property=\"og:image:height\" content=\"1080\" \/>\n\t<meta property=\"og:image:type\" content=\"image\/png\" \/>\n<meta name=\"twitter:card\" content=\"summary_large_image\" \/>\n<meta name=\"twitter:label1\" content=\"Dur\u00e9e de lecture estim\u00e9e\" \/>\n\t<meta name=\"twitter:data1\" content=\"2 minutes\" \/>\n<script type=\"application\/ld+json\" class=\"yoast-schema-graph\">{\"@context\":\"https:\\\/\\\/schema.org\",\"@graph\":[{\"@type\":\"WebPage\",\"@id\":\"https:\\\/\\\/www.fannyrethore.fr\\\/?page_id=53\",\"url\":\"https:\\\/\\\/www.fannyrethore.fr\\\/?page_id=53\",\"name\":\"HARMONISATION ENERGETIQUE SOIN - FANNY RETHORE\",\"isPartOf\":{\"@id\":\"https:\\\/\\\/www.fannyrethore.fr\\\/#website\"},\"primaryImageOfPage\":{\"@id\":\"https:\\\/\\\/www.fannyrethore.fr\\\/?page_id=53#primaryimage\"},\"image\":{\"@id\":\"https:\\\/\\\/www.fannyrethore.fr\\\/?page_id=53#primaryimage\"},\"thumbnailUrl\":\"https:\\\/\\\/www.fannyrethore.fr\\\/wp-content\\\/uploads\\\/2024\\\/10\\\/photo-site-internet-11-1024x1024.png\",\"datePublished\":\"2024-11-06T21:11:29+00:00\",\"dateModified\":\"2026-03-24T14:45:06+00:00\",\"breadcrumb\":{\"@id\":\"https:\\\/\\\/www.fannyrethore.fr\\\/?page_id=53#breadcrumb\"},\"inLanguage\":\"fr-FR\",\"potentialAction\":[{\"@type\":\"ReadAction\",\"target\":[\"https:\\\/\\\/www.fannyrethore.fr\\\/?page_id=53\"]}]},{\"@type\":\"ImageObject\",\"inLanguage\":\"fr-FR\",\"@id\":\"https:\\\/\\\/www.fannyrethore.fr\\\/?page_id=53#primaryimage\",\"url\":\"https:\\\/\\\/www.fannyrethore.fr\\\/wp-content\\\/uploads\\\/2024\\\/10\\\/photo-site-internet-11.png\",\"contentUrl\":\"https:\\\/\\\/www.fannyrethore.fr\\\/wp-content\\\/uploads\\\/2024\\\/10\\\/photo-site-internet-11.png\",\"width\":1080,\"height\":1080},{\"@type\":\"BreadcrumbList\",\"@id\":\"https:\\\/\\\/www.fannyrethore.fr\\\/?page_id=53#breadcrumb\",\"itemListElement\":[{\"@type\":\"ListItem\",\"position\":1,\"name\":\"Accueil\",\"item\":\"https:\\\/\\\/www.fannyrethore.fr\\\/\"},{\"@type\":\"ListItem\",\"position\":2,\"name\":\"HARMONISATION ENERGETIQUE SOIN\"}]},{\"@type\":\"WebSite\",\"@id\":\"https:\\\/\\\/www.fannyrethore.fr\\\/#website\",\"url\":\"https:\\\/\\\/www.fannyrethore.fr\\\/\",\"name\":\"FANNY RETHORE\",\"description\":\"NUMEROLOGIE - ENERGETIQUE - COACHING\",\"potentialAction\":[{\"@type\":\"SearchAction\",\"target\":{\"@type\":\"EntryPoint\",\"urlTemplate\":\"https:\\\/\\\/www.fannyrethore.fr\\\/?s={search_term_string}\"},\"query-input\":{\"@type\":\"PropertyValueSpecification\",\"valueRequired\":true,\"valueName\":\"search_term_string\"}}],\"inLanguage\":\"fr-FR\"}]}<\/script>\n<!-- \/ Yoast SEO plugin. -->","yoast_head_json":{"title":"HARMONISATION ENERGETIQUE SOIN - FANNY RETHORE","robots":{"index":"index","follow":"follow","max-snippet":"max-snippet:-1","max-image-preview":"max-image-preview:large","max-video-preview":"max-video-preview:-1"},"canonical":"https:\/\/www.fannyrethore.fr\/?page_id=53","og_locale":"fr_FR","og_type":"article","og_title":"HARMONISATION ENERGETIQUE SOIN - FANNY RETHORE","og_description":"Harmonisation \u00e9nerg\u00e9tique Revitaliser le corps et l&rsquo;esprit Qu&rsquo;est ce qu&rsquo;une harmonisation \u00e9nerg\u00e9tique ? C&rsquo;est un moment de d\u00e9tente et de [&hellip;]","og_url":"https:\/\/www.fannyrethore.fr\/?page_id=53","og_site_name":"FANNY RETHORE","article_modified_time":"2026-03-24T14:45:06+00:00","og_image":[{"width":1080,"height":1080,"url":"https:\/\/www.fannyrethore.fr\/wp-content\/uploads\/2024\/10\/photo-site-internet-11.png","type":"image\/png"}],"twitter_card":"summary_large_image","twitter_misc":{"Dur\u00e9e de lecture estim\u00e9e":"2 minutes"},"schema":{"@context":"https:\/\/schema.org","@graph":[{"@type":"WebPage","@id":"https:\/\/www.fannyrethore.fr\/?page_id=53","url":"https:\/\/www.fannyrethore.fr\/?page_id=53","name":"HARMONISATION ENERGETIQUE SOIN - FANNY RETHORE","isPartOf":{"@id":"https:\/\/www.fannyrethore.fr\/#website"},"primaryImageOfPage":{"@id":"https:\/\/www.fannyrethore.fr\/?page_id=53#primaryimage"},"image":{"@id":"https:\/\/www.fannyrethore.fr\/?page_id=53#primaryimage"},"thumbnailUrl":"https:\/\/www.fannyrethore.fr\/wp-content\/uploads\/2024\/10\/photo-site-internet-11-1024x1024.png","datePublished":"2024-11-06T21:11:29+00:00","dateModified":"2026-03-24T14:45:06+00:00","breadcrumb":{"@id":"https:\/\/www.fannyrethore.fr\/?page_id=53#breadcrumb"},"inLanguage":"fr-FR","potentialAction":[{"@type":"ReadAction","target":["https:\/\/www.fannyrethore.fr\/?page_id=53"]}]},{"@type":"ImageObject","inLanguage":"fr-FR","@id":"https:\/\/www.fannyrethore.fr\/?page_id=53#primaryimage","url":"https:\/\/www.fannyrethore.fr\/wp-content\/uploads\/2024\/10\/photo-site-internet-11.png","contentUrl":"https:\/\/www.fannyrethore.fr\/wp-content\/uploads\/2024\/10\/photo-site-internet-11.png","width":1080,"height":1080},{"@type":"BreadcrumbList","@id":"https:\/\/www.fannyrethore.fr\/?page_id=53#breadcrumb","itemListElement":[{"@type":"ListItem","position":1,"name":"Accueil","item":"https:\/\/www.fannyrethore.fr\/"},{"@type":"ListItem","position":2,"name":"HARMONISATION ENERGETIQUE SOIN"}]},{"@type":"WebSite","@id":"https:\/\/www.fannyrethore.fr\/#website","url":"https:\/\/www.fannyrethore.fr\/","name":"FANNY RETHORE","description":"NUMEROLOGIE - ENERGETIQUE - COACHING","potentialAction":[{"@type":"SearchAction","target":{"@type":"EntryPoint","urlTemplate":"https:\/\/www.fannyrethore.fr\/?s={search_term_string}"},"query-input":{"@type":"PropertyValueSpecification","valueRequired":true,"valueName":"search_term_string"}}],"inLanguage":"fr-FR"}]}},"_links":{"self":[{"href":"https:\/\/www.fannyrethore.fr\/index.php?rest_route=\/wp\/v2\/pages\/53","targetHints":{"allow":["GET"]}}],"collection":[{"href":"https:\/\/www.fannyrethore.fr\/index.php?rest_route=\/wp\/v2\/pages"}],"about":[{"href":"https:\/\/www.fannyrethore.fr\/index.php?rest_route=\/wp\/v2\/types\/page"}],"author":[{"embeddable":true,"href":"https:\/\/www.fannyrethore.fr\/index.php?rest_route=\/wp\/v2\/users\/1"}],"replies":[{"embeddable":true,"href":"https:\/\/www.fannyrethore.fr\/index.php?rest_route=%2Fwp%2Fv2%2Fcomments&post=53"}],"version-history":[{"count":63,"href":"https:\/\/www.fannyrethore.fr\/index.php?rest_route=\/wp\/v2\/pages\/53\/revisions"}],"predecessor-version":[{"id":978,"href":"https:\/\/www.fannyrethore.fr\/index.php?rest_route=\/wp\/v2\/pages\/53\/revisions\/978"}],"wp:attachment":[{"href":"https:\/\/www.fannyrethore.fr\/index.php?rest_route=%2Fwp%2Fv2%2Fmedia&parent=53"}],"curies":[{"name":"wp","href":"https:\/\/api.w.org\/{rel}","templated":true}]}}